{"id":6079,"date":"2022-03-19T18:33:31","date_gmt":"2022-03-19T17:33:31","guid":{"rendered":"http:\/\/nobarriers.cz\/?page_id=6079"},"modified":"2025-07-31T12:54:59","modified_gmt":"2025-07-31T10:54:59","slug":"kapela","status":"publish","type":"page","link":"https:\/\/nobarriers.cz\/?page_id=6079","title":{"rendered":"Kapela"},"content":{"rendered":"\n<h1 class=\"wp-block-heading\">Kapela<\/h1>\n\n\n\n<p class=\"has-light-gray-color has-text-color\">No Barriers je \u010desko &#8211; bosensk\u00e1 kapela pohybuj\u00edc\u00ed se mezi \u017e\u00e1nry rock, blues, a jazz. V jej\u00edm reperto\u00e1ru naleznete jak vlastn\u00ed p\u00edsn\u011b, tak cover verze zn\u00e1m\u00fdch sv\u011btov\u00fdch interpret\u016f. No Barriers \u2013 to je origin\u00e1ln\u00ed pojet\u00ed hudby bez hranic \u017e\u00e1nr\u016f.<\/p>\n\n\n\n<div class=\"wp-block-media-text alignwide is-stacked-on-mobile is-vertically-aligned-top\" style=\"grid-template-columns:19% auto\"><figure class=\"wp-block-media-text__media\"><img loading=\"lazy\" decoding=\"async\" width=\"683\" height=\"1024\" src=\"https:\/\/nobarriers.cz\/wp-content\/uploads\/2024\/11\/AF_promo-15-683x1024.jpg\" alt=\"\" class=\"wp-image-6463 size-full\"\/><\/figure><div class=\"wp-block-media-text__content\">\n<p class=\"has-light-gray-color has-text-color has-large-font-size\">Salih Hadziabdi\u010d<\/p>\n\n\n\n<p><em>Zp\u011bv\u00e1k a kytarista, kter\u00fd u\u017e t\u00e9m\u011b\u0159 t\u0159i desetilet\u00ed vystupuje&nbsp;v hudebn\u00edch klubech po cel\u00e9 Evrop\u011b, bud s r\u016fzn\u00fdmi kapelami a nebo s\u00f3lov\u011b. <\/em><em>Salih svoji muzikantskou cestu za\u010dal jako buben\u00edk, aby se potom p\u0159esunul soust\u0159edil na zp\u011bv a kytaru.  Jeho jedine\u010dn\u00fd hlas a vok\u00e1ln\u00ed schopnosti byly uvedeny na albech a bezpo\u010det vystoupen\u00ed s kapelami Granf a Unplugged Plug v Bosn\u011b a Hercegovin\u011b, ale i jinde v zahrani\u010d\u00ed. V sou\u010dasn\u00e9 dob\u011b \u017eije v Olomouci v&nbsp;<\/em><em>\u010cesk\u00e9 republice, kde pokra\u010duje ve sv\u00e9 hudebn\u00ed cest\u011b minimalistick\u00fdmi akustick\u00fdmi vystoupen\u00ed spolu s dlouholet\u00fdm kamar\u00e1dem a kytaristou Karlem &#8222;Kajou&#8220; \u0160kubalou. Krom\u011b&nbsp;toho, Salih v sou\u010dasn\u00e9 dob\u011b tak\u00e9 p\u016fsob\u00ed ve virtu\u00e1ln\u00ed&nbsp;kapele pod jm\u00e9nem Sindrom&nbsp;Epik.<\/em><\/p>\n<\/div><\/div>\n\n\n\n<div class=\"wp-block-media-text alignwide has-media-on-the-right is-stacked-on-mobile is-vertically-aligned-top\" style=\"grid-template-columns:auto 19%\"><div class=\"wp-block-media-text__content\">\n<p class=\"has-light-gray-color has-text-color has-large-font-size\">Karel \u0160kubala<\/p>\n\n\n\n<p><em>Kytarista hraj\u00edc\u00ed na elektrick\u00e9 i akustick\u00e9 kytary. Ke kytar\u00e1m p\u0159ilnul ji\u017e od d\u011btstv\u00ed, nejprve p\u0159i studiu akustick\u00e9 kytary a za nedlouho i elektrick\u00e9. Jako teenagera ovliv\u0148ovala jeho p\u0159istup k muzice tvrd\u0161\u00ed hudba, stejn\u011b jako art rockov\u00e1 v pod\u00e1n\u00ed Pink Floyd, \u010di tak\u00e9 prvky klasick\u00e9 hudby. V minulosti se tak\u00e9 pod\u00edlel na chodu a prosazen\u00ed n\u011bkolika region\u00e1ln\u00edch kapel, kde se tak\u00e9 spole\u010dn\u011b sezn\u00e1mil s Salihem. V pozd\u011bj\u0161\u00edm obdob\u00ed se v jeho c\u00edt\u011bn\u00ed projevovala touha a chu\u0165 objevovat dal\u0161\u00ed hudebn\u00ed \u017e\u00e1nry &#8211; blues, jazz, funk, fussion a zdokonalovat vlastn\u00ed p\u0159\u00edstup k hudb\u011b a tvorb\u011b t\u00f3n\u016f. Do sf\u00e9ry jeho vliv\u016f mimo David Gilmoure pat\u0159\u00ed nap\u0159\u00edklad Robert Johnson, B.B.King, SRV, nebo z nov\u011bj\u0161\u00edch um\u011blc\u016f Josh Smith. Za zm\u00ednku stoj\u00ed dva roky studia hry na kytaru u Milo\u0161e Makovsk\u00e9ho.  Je aktivn\u00ed i autorsky a m\u00e1 za sebou odehr\u00e1no v \u010cesk\u00e9 republice v\u00edce ne\u017e tis\u00edc hudebn\u00edch akc\u00ed.<\/em><\/p>\n<\/div><figure class=\"wp-block-media-text__media\"><img loading=\"lazy\" decoding=\"async\" width=\"683\" height=\"1024\" src=\"https:\/\/nobarriers.cz\/wp-content\/uploads\/2024\/11\/AF_promo-05-683x1024.jpg\" alt=\"\" class=\"wp-image-6454 size-full\"\/><\/figure><\/div>\n\n\n\n<div class=\"wp-block-media-text alignwide is-stacked-on-mobile is-vertically-aligned-top\" style=\"grid-template-columns:19% auto\"><figure class=\"wp-block-media-text__media\"><img loading=\"lazy\" decoding=\"async\" width=\"683\" height=\"1024\" src=\"https:\/\/nobarriers.cz\/wp-content\/uploads\/2024\/11\/AF_promo-08-683x1024.jpg\" alt=\"\" class=\"wp-image-6457 size-full\"\/><\/figure><div class=\"wp-block-media-text__content\">\n<p class=\"has-light-gray-color has-text-color has-large-font-size\">Jirka Ronny Ro\u010d\u0148\u00e1k<\/p>\n\n\n\n<p><em>Baskytarista ovl\u00e1daj\u00edc\u00ed sou\u010dasn\u011b pra\u017ecovou i bezpra\u017ecovou baskytaru. V ml\u00e1d\u00ed se v\u011bnoval studiu hry na housle a klarinet a sou\u010dasn\u011b na baskytaru p\u016fsobil v n\u011bkolika studentsk\u00fdch kapel\u00e1ch. V hled\u00e1\u010dku jeho z\u00e1jm\u016f je \u0161irok\u00e1 \u0161k\u00e1la \u017e\u00e1nr\u016f od v\u00e1\u017en\u00e9 hudby, p\u0159es filmovou hudbu, blues, reggae a\u017e po rock a metal. Okrajov\u011b se st\u00e1le zaj\u00edm\u00e1 o hru na nejr\u016fzn\u011bj\u0161\u00ed dechov\u00e9 n\u00e1stroje (panova fl\u00e9tna, duduk, shakuhachi, dizi, bawu&#8230;). S Karlem se sezn\u00e1mili u\u017e za \u010das\u016f studentsk\u00fdch kapel. Jejich cesty se aktu\u00e1ln\u011b op\u011bt spojily v projektu No Barriers.<\/em>  ( jiri.nobarriers@gmail.com )<\/p>\n<\/div><\/div>\n\n\n\n<div class=\"wp-block-media-text alignwide has-media-on-the-right is-stacked-on-mobile is-vertically-aligned-top\" style=\"grid-template-columns:auto 19%\"><div class=\"wp-block-media-text__content\">\n<p class=\"has-light-gray-color has-text-color has-large-font-size\">Petr Hejtm\u00e1nek<\/p>\n\n\n\n<p><em>K&nbsp;hudb\u011b m\u011bl od mali\u010dka bl\u00edzko, otec &#8211; kytara, klav\u00edr, d\u011bda &#8211; dechov\u00e9 n\u00e1stroje u Vojensk\u00e9 pos\u00e1dkov\u00e9 hudby. Jako d\u00edt\u011b za\u010d\u00ednal s&nbsp;klav\u00edrem v&nbsp;Lidov\u00e9 \u0161kole um\u011bn\u00ed, kter\u00fd n\u00e1sledn\u011b vyst\u0159\u00eddala akustick\u00e1 kytara. Ve 14 letech p\u0159i\u0161la na \u0159adu elektrick\u00e1 kytara a hran\u00ed v&nbsp;r\u016fzn\u00fdch \u201egar\u00e1\u017eov\u00fdch\u201c kapel\u00e1ch se zam\u011b\u0159en\u00edm na HardRock a p\u00e1r let si vyzkou\u0161el i bigbeat. Nyn\u00ed objevuje nov\u00e9 v\u00fdzvy v&nbsp;rytmice a perkus\u00edch. S&nbsp;rytmikou a cajonem se k&nbsp;No Barriers p\u0159ipojil v&nbsp;dubnu 2022. S&nbsp;K\u00e1jou i Salihem se zn\u00e1 mnoho let a n\u00e1hodn\u00e9 setk\u00e1n\u00ed napomohlo k&nbsp;p\u0159ipojen\u00ed cajonu do No Barriers.<\/em><\/p>\n\n\n\n<p><em>Hudebn\u011b jej ovlivnilo mnoho kapel, zejm\u00e9na U2, Pulp, Placebo, nebo Pink Floyd. Z&nbsp;muzikant\u016f pak Gary Moore, Eric Clapton nebo JJ Cale. Nem\u00e1 v\u0161ak vyhran\u011bn\u00fd hudebn\u00ed styl a uzn\u00e1v\u00e1 svobodu hudby, co\u017e zapad\u00e1 i do konceptu No Barriers.<\/em><\/p>\n<\/div><figure class=\"wp-block-media-text__media\"><img loading=\"lazy\" decoding=\"async\" width=\"683\" height=\"1024\" src=\"https:\/\/nobarriers.cz\/wp-content\/uploads\/2024\/11\/AF_promo-10-683x1024.jpg\" alt=\"\" class=\"wp-image-6459 size-full\"\/><\/figure><\/div>\n","protected":false},"excerpt":{"rendered":"<p>Kapela No Barriers je \u010desko &#8211; bosensk\u00e1 kapela pohybuj\u00edc\u00ed se mezi \u017e\u00e1nry rock, blues, a jazz. V jej\u00edm reperto\u00e1ru naleznete jak vlastn\u00ed p\u00edsn\u011b, tak cover verze zn\u00e1m\u00fdch sv\u011btov\u00fdch interpret\u016f. No<\/p>\n<p class=\"more-link\"><a href=\"https:\/\/nobarriers.cz\/?page_id=6079\" class=\"readmore\">Continue reading<span class=\"screen-reader-text\">Kapela<\/span><\/a><\/p>\n","protected":false},"author":1,"featured_media":0,"parent":0,"menu_order":0,"comment_status":"closed","ping_status":"closed","template":"templates\/no-sidebar.php","meta":{"footnotes":""},"class_list":["post-6079","page","type-page","status-publish","hentry"],"yoast_head":"<!-- This site is optimized with the Yoast SEO plugin v27.3 - https:\/\/yoast.com\/product\/yoast-seo-wordpress\/ -->\n<title>Kapela - No barriers<\/title>\n<meta name=\"robots\" content=\"index, follow, max-snippet:-1, max-image-preview:large, max-video-preview:-1\" \/>\n<link rel=\"canonical\" href=\"https:\/\/nobarriers.cz\/?page_id=6079\" \/>\n<meta property=\"og:locale\" content=\"cs_CZ\" \/>\n<meta property=\"og:type\" content=\"article\" \/>\n<meta property=\"og:title\" content=\"Kapela - No barriers\" \/>\n<meta property=\"og:description\" content=\"Kapela No Barriers je \u010desko &#8211; bosensk\u00e1 kapela pohybuj\u00edc\u00ed se mezi \u017e\u00e1nry rock, blues, a jazz. V jej\u00edm reperto\u00e1ru naleznete jak vlastn\u00ed p\u00edsn\u011b, tak cover verze zn\u00e1m\u00fdch sv\u011btov\u00fdch interpret\u016f. NoContinue readingKapela\" \/>\n<meta property=\"og:url\" content=\"https:\/\/nobarriers.cz\/?page_id=6079\" \/>\n<meta property=\"og:site_name\" content=\"No barriers\" \/>\n<meta property=\"article:publisher\" content=\"https:\/\/www.facebook.com\/nobarrierscz\" \/>\n<meta property=\"article:modified_time\" content=\"2025-07-31T10:54:59+00:00\" \/>\n<meta property=\"og:image\" content=\"https:\/\/nobarriers.cz\/wp-content\/uploads\/2024\/11\/AF_promo-15-e1738263873294.jpg\" \/>\n\t<meta property=\"og:image:width\" content=\"416\" \/>\n\t<meta property=\"og:image:height\" content=\"624\" \/>\n\t<meta property=\"og:image:type\" content=\"image\/jpeg\" \/>\n<meta name=\"twitter:card\" content=\"summary_large_image\" \/>\n<meta name=\"twitter:site\" content=\"@NoBarrierscz\" \/>\n<meta name=\"twitter:label1\" content=\"Odhadovan\u00e1 doba \u010dten\u00ed\" \/>\n\t<meta name=\"twitter:data1\" content=\"3 minuty\" \/>\n<script type=\"application\/ld+json\" class=\"yoast-schema-graph\">{\"@context\":\"https:\\\/\\\/schema.org\",\"@graph\":[{\"@type\":\"WebPage\",\"@id\":\"https:\\\/\\\/nobarriers.cz\\\/?page_id=6079\",\"url\":\"https:\\\/\\\/nobarriers.cz\\\/?page_id=6079\",\"name\":\"Kapela - No barriers\",\"isPartOf\":{\"@id\":\"https:\\\/\\\/nobarriers.cz\\\/#website\"},\"primaryImageOfPage\":{\"@id\":\"https:\\\/\\\/nobarriers.cz\\\/?page_id=6079#primaryimage\"},\"image\":{\"@id\":\"https:\\\/\\\/nobarriers.cz\\\/?page_id=6079#primaryimage\"},\"thumbnailUrl\":\"https:\\\/\\\/nobarriers.cz\\\/wp-content\\\/uploads\\\/2024\\\/11\\\/AF_promo-15-683x1024.jpg\",\"datePublished\":\"2022-03-19T17:33:31+00:00\",\"dateModified\":\"2025-07-31T10:54:59+00:00\",\"breadcrumb\":{\"@id\":\"https:\\\/\\\/nobarriers.cz\\\/?page_id=6079#breadcrumb\"},\"inLanguage\":\"cs\",\"potentialAction\":[{\"@type\":\"ReadAction\",\"target\":[\"https:\\\/\\\/nobarriers.cz\\\/?page_id=6079\"]}]},{\"@type\":\"ImageObject\",\"inLanguage\":\"cs\",\"@id\":\"https:\\\/\\\/nobarriers.cz\\\/?page_id=6079#primaryimage\",\"url\":\"https:\\\/\\\/nobarriers.cz\\\/wp-content\\\/uploads\\\/2024\\\/11\\\/AF_promo-15-e1738263873294.jpg\",\"contentUrl\":\"https:\\\/\\\/nobarriers.cz\\\/wp-content\\\/uploads\\\/2024\\\/11\\\/AF_promo-15-e1738263873294.jpg\",\"width\":416,\"height\":624},{\"@type\":\"BreadcrumbList\",\"@id\":\"https:\\\/\\\/nobarriers.cz\\\/?page_id=6079#breadcrumb\",\"itemListElement\":[{\"@type\":\"ListItem\",\"position\":1,\"name\":\"Dom\u016f\",\"item\":\"https:\\\/\\\/nobarriers.cz\\\/\"},{\"@type\":\"ListItem\",\"position\":2,\"name\":\"Kapela\"}]},{\"@type\":\"WebSite\",\"@id\":\"https:\\\/\\\/nobarriers.cz\\\/#website\",\"url\":\"https:\\\/\\\/nobarriers.cz\\\/\",\"name\":\"No barriers\",\"description\":\"acoustic\\\/electric session - Czech\\\/Bosnian band\",\"publisher\":{\"@id\":\"https:\\\/\\\/nobarriers.cz\\\/#organization\"},\"potentialAction\":[{\"@type\":\"SearchAction\",\"target\":{\"@type\":\"EntryPoint\",\"urlTemplate\":\"https:\\\/\\\/nobarriers.cz\\\/?s={search_term_string}\"},\"query-input\":{\"@type\":\"PropertyValueSpecification\",\"valueRequired\":true,\"valueName\":\"search_term_string\"}}],\"inLanguage\":\"cs\"},{\"@type\":\"Organization\",\"@id\":\"https:\\\/\\\/nobarriers.cz\\\/#organization\",\"name\":\"No Barriers\",\"url\":\"https:\\\/\\\/nobarriers.cz\\\/\",\"logo\":{\"@type\":\"ImageObject\",\"inLanguage\":\"cs\",\"@id\":\"https:\\\/\\\/nobarriers.cz\\\/#\\\/schema\\\/logo\\\/image\\\/\",\"url\":\"http:\\\/\\\/nobarriers.cz\\\/wp-content\\\/uploads\\\/2022\\\/03\\\/logo_no_barriers.png\",\"contentUrl\":\"http:\\\/\\\/nobarriers.cz\\\/wp-content\\\/uploads\\\/2022\\\/03\\\/logo_no_barriers.png\",\"width\":640,\"height\":175,\"caption\":\"No Barriers\"},\"image\":{\"@id\":\"https:\\\/\\\/nobarriers.cz\\\/#\\\/schema\\\/logo\\\/image\\\/\"},\"sameAs\":[\"https:\\\/\\\/www.facebook.com\\\/nobarrierscz\",\"https:\\\/\\\/x.com\\\/NoBarrierscz\",\"https:\\\/\\\/www.instagram.com\\\/nobarrierscz\\\/\",\"https:\\\/\\\/www.youtube.com\\\/channel\\\/UC8vsNv10md4fi_mepiseIyA\"]}]}<\/script>\n<!-- \/ Yoast SEO plugin. -->","yoast_head_json":{"title":"Kapela - No barriers","robots":{"index":"index","follow":"follow","max-snippet":"max-snippet:-1","max-image-preview":"max-image-preview:large","max-video-preview":"max-video-preview:-1"},"canonical":"https:\/\/nobarriers.cz\/?page_id=6079","og_locale":"cs_CZ","og_type":"article","og_title":"Kapela - No barriers","og_description":"Kapela No Barriers je \u010desko &#8211; bosensk\u00e1 kapela pohybuj\u00edc\u00ed se mezi \u017e\u00e1nry rock, blues, a jazz. V jej\u00edm reperto\u00e1ru naleznete jak vlastn\u00ed p\u00edsn\u011b, tak cover verze zn\u00e1m\u00fdch sv\u011btov\u00fdch interpret\u016f. NoContinue readingKapela","og_url":"https:\/\/nobarriers.cz\/?page_id=6079","og_site_name":"No barriers","article_publisher":"https:\/\/www.facebook.com\/nobarrierscz","article_modified_time":"2025-07-31T10:54:59+00:00","og_image":[{"width":416,"height":624,"url":"https:\/\/nobarriers.cz\/wp-content\/uploads\/2024\/11\/AF_promo-15-e1738263873294.jpg","type":"image\/jpeg"}],"twitter_card":"summary_large_image","twitter_site":"@NoBarrierscz","twitter_misc":{"Odhadovan\u00e1 doba \u010dten\u00ed":"3 minuty"},"schema":{"@context":"https:\/\/schema.org","@graph":[{"@type":"WebPage","@id":"https:\/\/nobarriers.cz\/?page_id=6079","url":"https:\/\/nobarriers.cz\/?page_id=6079","name":"Kapela - No barriers","isPartOf":{"@id":"https:\/\/nobarriers.cz\/#website"},"primaryImageOfPage":{"@id":"https:\/\/nobarriers.cz\/?page_id=6079#primaryimage"},"image":{"@id":"https:\/\/nobarriers.cz\/?page_id=6079#primaryimage"},"thumbnailUrl":"https:\/\/nobarriers.cz\/wp-content\/uploads\/2024\/11\/AF_promo-15-683x1024.jpg","datePublished":"2022-03-19T17:33:31+00:00","dateModified":"2025-07-31T10:54:59+00:00","breadcrumb":{"@id":"https:\/\/nobarriers.cz\/?page_id=6079#breadcrumb"},"inLanguage":"cs","potentialAction":[{"@type":"ReadAction","target":["https:\/\/nobarriers.cz\/?page_id=6079"]}]},{"@type":"ImageObject","inLanguage":"cs","@id":"https:\/\/nobarriers.cz\/?page_id=6079#primaryimage","url":"https:\/\/nobarriers.cz\/wp-content\/uploads\/2024\/11\/AF_promo-15-e1738263873294.jpg","contentUrl":"https:\/\/nobarriers.cz\/wp-content\/uploads\/2024\/11\/AF_promo-15-e1738263873294.jpg","width":416,"height":624},{"@type":"BreadcrumbList","@id":"https:\/\/nobarriers.cz\/?page_id=6079#breadcrumb","itemListElement":[{"@type":"ListItem","position":1,"name":"Dom\u016f","item":"https:\/\/nobarriers.cz\/"},{"@type":"ListItem","position":2,"name":"Kapela"}]},{"@type":"WebSite","@id":"https:\/\/nobarriers.cz\/#website","url":"https:\/\/nobarriers.cz\/","name":"No barriers","description":"acoustic\/electric session - Czech\/Bosnian band","publisher":{"@id":"https:\/\/nobarriers.cz\/#organization"},"potentialAction":[{"@type":"SearchAction","target":{"@type":"EntryPoint","urlTemplate":"https:\/\/nobarriers.cz\/?s={search_term_string}"},"query-input":{"@type":"PropertyValueSpecification","valueRequired":true,"valueName":"search_term_string"}}],"inLanguage":"cs"},{"@type":"Organization","@id":"https:\/\/nobarriers.cz\/#organization","name":"No Barriers","url":"https:\/\/nobarriers.cz\/","logo":{"@type":"ImageObject","inLanguage":"cs","@id":"https:\/\/nobarriers.cz\/#\/schema\/logo\/image\/","url":"http:\/\/nobarriers.cz\/wp-content\/uploads\/2022\/03\/logo_no_barriers.png","contentUrl":"http:\/\/nobarriers.cz\/wp-content\/uploads\/2022\/03\/logo_no_barriers.png","width":640,"height":175,"caption":"No Barriers"},"image":{"@id":"https:\/\/nobarriers.cz\/#\/schema\/logo\/image\/"},"sameAs":["https:\/\/www.facebook.com\/nobarrierscz","https:\/\/x.com\/NoBarrierscz","https:\/\/www.instagram.com\/nobarrierscz\/","https:\/\/www.youtube.com\/channel\/UC8vsNv10md4fi_mepiseIyA"]}]}},"_links":{"self":[{"href":"https:\/\/nobarriers.cz\/index.php?rest_route=\/wp\/v2\/pages\/6079","targetHints":{"allow":["GET"]}}],"collection":[{"href":"https:\/\/nobarriers.cz\/index.php?rest_route=\/wp\/v2\/pages"}],"about":[{"href":"https:\/\/nobarriers.cz\/index.php?rest_route=\/wp\/v2\/types\/page"}],"author":[{"embeddable":true,"href":"https:\/\/nobarriers.cz\/index.php?rest_route=\/wp\/v2\/users\/1"}],"replies":[{"embeddable":true,"href":"https:\/\/nobarriers.cz\/index.php?rest_route=%2Fwp%2Fv2%2Fcomments&post=6079"}],"version-history":[{"count":16,"href":"https:\/\/nobarriers.cz\/index.php?rest_route=\/wp\/v2\/pages\/6079\/revisions"}],"predecessor-version":[{"id":6768,"href":"https:\/\/nobarriers.cz\/index.php?rest_route=\/wp\/v2\/pages\/6079\/revisions\/6768"}],"wp:attachment":[{"href":"https:\/\/nobarriers.cz\/index.php?rest_route=%2Fwp%2Fv2%2Fmedia&parent=6079"}],"curies":[{"name":"wp","href":"https:\/\/api.w.org\/{rel}","templated":true}]}}