{"id":6090,"date":"2022-03-19T19:07:00","date_gmt":"2022-03-19T18:07:00","guid":{"rendered":"http:\/\/nobarriers.cz\/?page_id=6090"},"modified":"2024-02-06T17:00:19","modified_gmt":"2024-02-06T16:00:19","slug":"pro-poradatele","status":"publish","type":"page","link":"https:\/\/nobarriers.cz\/?page_id=6090","title":{"rendered":"Pro poradatele"},"content":{"rendered":"\n<h2 class=\"wp-block-heading\">Pro po\u0159adatele<\/h2>\n\n\n\n<p>Kapela disponuje zvukov\u00fdm syst\u00e9mem pro akce r\u016fzn\u00e9 velikosti. Na minimalistick\u00e9 koncerty vyu\u017e\u00edv\u00e1 syst\u00e9m HK audio Lucas nano. Na st\u0159edn\u00ed a v\u011bt\u0161\u00ed akce nasazuje syst\u00e9m NEXO.<\/p>\n\n\n\n<div class=\"wp-block-file\"><a id=\"wp-block-file--media-c84d125b-bf41-4c59-a437-a215b13eb350\" href=\"https:\/\/nobarriers.cz\/wp-content\/uploads\/2024\/02\/No-Barriers-foto-1.jpg\">Aktu\u00e1ln\u00ed foto pro poster\/plak\u00e1t:  <br> <\/a><a href=\"https:\/\/nobarriers.cz\/wp-content\/uploads\/2024\/02\/No-Barriers-foto-1.jpg\" class=\"wp-block-file__button wp-element-button\" download aria-describedby=\"wp-block-file--media-c84d125b-bf41-4c59-a437-a215b13eb350\">Download<\/a><\/div>\n\n\n\n<p><\/p>\n\n\n\n<div class=\"wp-block-file\"><a id=\"wp-block-file--media-794418e3-34b8-481e-b97e-1e3feee0dfd2\" href=\"https:\/\/nobarriers.cz\/wp-content\/uploads\/2024\/02\/NO-BARRIERS-anotace.pdf\">Anotace:      <br>                                 <\/a><a href=\"https:\/\/nobarriers.cz\/wp-content\/uploads\/2024\/02\/NO-BARRIERS-anotace.pdf\" class=\"wp-block-file__button wp-element-button\" download aria-describedby=\"wp-block-file--media-794418e3-34b8-481e-b97e-1e3feee0dfd2\">Download<\/a><\/div>\n\n\n\n<p><\/p>\n\n\n\n<div class=\"wp-block-file\"><a id=\"wp-block-file--media-cf211b1d-d7bc-4da1-b03a-b329465c9714\" href=\"https:\/\/nobarriers.cz\/wp-content\/uploads\/2024\/02\/Stage-plan-No-Barriers.pdf\">Stage plan:       <br>                            <\/a><a href=\"https:\/\/nobarriers.cz\/wp-content\/uploads\/2024\/02\/Stage-plan-No-Barriers.pdf\" class=\"wp-block-file__button wp-element-button\" download aria-describedby=\"wp-block-file--media-cf211b1d-d7bc-4da1-b03a-b329465c9714\">Download<\/a><\/div>\n\n\n\n<p><\/p>\n\n\n\n<div class=\"wp-block-file\"><a id=\"wp-block-file--media-288836e7-95fd-4cac-b4e6-29b902912796\" href=\"https:\/\/nobarriers.cz\/wp-content\/uploads\/2024\/02\/Technicke-podminky.pdf\">Technick\u00e9 podm\u00ednky vystoupen\u00ed:  <br><\/a><a href=\"https:\/\/nobarriers.cz\/wp-content\/uploads\/2024\/02\/Technicke-podminky.pdf\" class=\"wp-block-file__button wp-element-button\" download aria-describedby=\"wp-block-file--media-288836e7-95fd-4cac-b4e6-29b902912796\">Download<\/a><\/div>\n\n\n\n<p><\/p>\n\n\n\n<div class=\"wp-block-file\"><a id=\"wp-block-file--media-08ef7e6b-9c2d-4c00-87a1-544cb80ed21e\" href=\"https:\/\/nobarriers.cz\/wp-content\/uploads\/2024\/02\/Logo.png\">Logo:             <br>                                <\/a><a href=\"https:\/\/nobarriers.cz\/wp-content\/uploads\/2024\/02\/Logo.png\" class=\"wp-block-file__button wp-element-button\" download aria-describedby=\"wp-block-file--media-08ef7e6b-9c2d-4c00-87a1-544cb80ed21e\">Download<\/a><\/div>\n\n\n\n<p><\/p>\n\n\n\n<p><\/p>\n\n\n\n<p class=\"has-light-gray-color has-text-color\">Kontakt:  <br>band@nobarriers.cz<br>tel. 734 877 998<\/p>\n","protected":false},"excerpt":{"rendered":"<p>Pro po\u0159adatele Kapela disponuje zvukov\u00fdm syst\u00e9mem pro akce r\u016fzn\u00e9 velikosti. Na minimalistick\u00e9 koncerty vyu\u017e\u00edv\u00e1 syst\u00e9m HK audio Lucas nano. Na st\u0159edn\u00ed a v\u011bt\u0161\u00ed akce nasazuje syst\u00e9m NEXO. Kontakt: band@nobarriers.cztel. 734<\/p>\n<p class=\"more-link\"><a href=\"https:\/\/nobarriers.cz\/?page_id=6090\" class=\"readmore\">Continue reading<span class=\"screen-reader-text\">Pro poradatele<\/span><\/a><\/p>\n","protected":false},"author":1,"featured_media":0,"parent":0,"menu_order":0,"comment_status":"closed","ping_status":"closed","template":"templates\/no-sidebar.php","meta":{"footnotes":""},"class_list":["post-6090","page","type-page","status-publish","hentry"],"yoast_head":"<!-- This site is optimized with the Yoast SEO plugin v27.6 - https:\/\/yoast.com\/product\/yoast-seo-wordpress\/ -->\n<title>Pro poradatele - No barriers<\/title>\n<meta name=\"robots\" content=\"index, follow, max-snippet:-1, max-image-preview:large, max-video-preview:-1\" \/>\n<link rel=\"canonical\" href=\"https:\/\/nobarriers.cz\/?page_id=6090\" \/>\n<meta property=\"og:locale\" content=\"cs_CZ\" \/>\n<meta property=\"og:type\" content=\"article\" \/>\n<meta property=\"og:title\" content=\"Pro poradatele - No barriers\" \/>\n<meta property=\"og:description\" content=\"Pro po\u0159adatele Kapela disponuje zvukov\u00fdm syst\u00e9mem pro akce r\u016fzn\u00e9 velikosti. Na minimalistick\u00e9 koncerty vyu\u017e\u00edv\u00e1 syst\u00e9m HK audio Lucas nano. Na st\u0159edn\u00ed a v\u011bt\u0161\u00ed akce nasazuje syst\u00e9m NEXO. Kontakt: band@nobarriers.cztel. 734Continue readingPro poradatele\" \/>\n<meta property=\"og:url\" content=\"https:\/\/nobarriers.cz\/?page_id=6090\" \/>\n<meta property=\"og:site_name\" content=\"No barriers\" \/>\n<meta property=\"article:publisher\" content=\"https:\/\/www.facebook.com\/nobarrierscz\" \/>\n<meta property=\"article:modified_time\" content=\"2024-02-06T16:00:19+00:00\" \/>\n<meta name=\"twitter:card\" content=\"summary_large_image\" \/>\n<meta name=\"twitter:site\" content=\"@NoBarrierscz\" \/>\n<meta name=\"twitter:label1\" content=\"Odhadovan\u00e1 doba \u010dten\u00ed\" \/>\n\t<meta name=\"twitter:data1\" content=\"1 minuta\" \/>\n<script type=\"application\/ld+json\" class=\"yoast-schema-graph\">{\"@context\":\"https:\\\/\\\/schema.org\",\"@graph\":[{\"@type\":\"WebPage\",\"@id\":\"https:\\\/\\\/nobarriers.cz\\\/?page_id=6090\",\"url\":\"https:\\\/\\\/nobarriers.cz\\\/?page_id=6090\",\"name\":\"Pro poradatele - No barriers\",\"isPartOf\":{\"@id\":\"https:\\\/\\\/nobarriers.cz\\\/#website\"},\"datePublished\":\"2022-03-19T18:07:00+00:00\",\"dateModified\":\"2024-02-06T16:00:19+00:00\",\"breadcrumb\":{\"@id\":\"https:\\\/\\\/nobarriers.cz\\\/?page_id=6090#breadcrumb\"},\"inLanguage\":\"cs\",\"potentialAction\":[{\"@type\":\"ReadAction\",\"target\":[\"https:\\\/\\\/nobarriers.cz\\\/?page_id=6090\"]}]},{\"@type\":\"BreadcrumbList\",\"@id\":\"https:\\\/\\\/nobarriers.cz\\\/?page_id=6090#breadcrumb\",\"itemListElement\":[{\"@type\":\"ListItem\",\"position\":1,\"name\":\"Dom\u016f\",\"item\":\"https:\\\/\\\/nobarriers.cz\\\/\"},{\"@type\":\"ListItem\",\"position\":2,\"name\":\"Pro poradatele\"}]},{\"@type\":\"WebSite\",\"@id\":\"https:\\\/\\\/nobarriers.cz\\\/#website\",\"url\":\"https:\\\/\\\/nobarriers.cz\\\/\",\"name\":\"No barriers\",\"description\":\"acoustic\\\/electric session - Czech\\\/Bosnian band\",\"publisher\":{\"@id\":\"https:\\\/\\\/nobarriers.cz\\\/#organization\"},\"potentialAction\":[{\"@type\":\"SearchAction\",\"target\":{\"@type\":\"EntryPoint\",\"urlTemplate\":\"https:\\\/\\\/nobarriers.cz\\\/?s={search_term_string}\"},\"query-input\":{\"@type\":\"PropertyValueSpecification\",\"valueRequired\":true,\"valueName\":\"search_term_string\"}}],\"inLanguage\":\"cs\"},{\"@type\":\"Organization\",\"@id\":\"https:\\\/\\\/nobarriers.cz\\\/#organization\",\"name\":\"No Barriers\",\"url\":\"https:\\\/\\\/nobarriers.cz\\\/\",\"logo\":{\"@type\":\"ImageObject\",\"inLanguage\":\"cs\",\"@id\":\"https:\\\/\\\/nobarriers.cz\\\/#\\\/schema\\\/logo\\\/image\\\/\",\"url\":\"http:\\\/\\\/nobarriers.cz\\\/wp-content\\\/uploads\\\/2022\\\/03\\\/logo_no_barriers.png\",\"contentUrl\":\"http:\\\/\\\/nobarriers.cz\\\/wp-content\\\/uploads\\\/2022\\\/03\\\/logo_no_barriers.png\",\"width\":640,\"height\":175,\"caption\":\"No Barriers\"},\"image\":{\"@id\":\"https:\\\/\\\/nobarriers.cz\\\/#\\\/schema\\\/logo\\\/image\\\/\"},\"sameAs\":[\"https:\\\/\\\/www.facebook.com\\\/nobarrierscz\",\"https:\\\/\\\/x.com\\\/NoBarrierscz\",\"https:\\\/\\\/www.instagram.com\\\/nobarrierscz\\\/\",\"https:\\\/\\\/www.youtube.com\\\/channel\\\/UC8vsNv10md4fi_mepiseIyA\"]}]}<\/script>\n<!-- \/ Yoast SEO plugin. -->","yoast_head_json":{"title":"Pro poradatele - No barriers","robots":{"index":"index","follow":"follow","max-snippet":"max-snippet:-1","max-image-preview":"max-image-preview:large","max-video-preview":"max-video-preview:-1"},"canonical":"https:\/\/nobarriers.cz\/?page_id=6090","og_locale":"cs_CZ","og_type":"article","og_title":"Pro poradatele - No barriers","og_description":"Pro po\u0159adatele Kapela disponuje zvukov\u00fdm syst\u00e9mem pro akce r\u016fzn\u00e9 velikosti. Na minimalistick\u00e9 koncerty vyu\u017e\u00edv\u00e1 syst\u00e9m HK audio Lucas nano. Na st\u0159edn\u00ed a v\u011bt\u0161\u00ed akce nasazuje syst\u00e9m NEXO. Kontakt: band@nobarriers.cztel. 734Continue readingPro poradatele","og_url":"https:\/\/nobarriers.cz\/?page_id=6090","og_site_name":"No barriers","article_publisher":"https:\/\/www.facebook.com\/nobarrierscz","article_modified_time":"2024-02-06T16:00:19+00:00","twitter_card":"summary_large_image","twitter_site":"@NoBarrierscz","twitter_misc":{"Odhadovan\u00e1 doba \u010dten\u00ed":"1 minuta"},"schema":{"@context":"https:\/\/schema.org","@graph":[{"@type":"WebPage","@id":"https:\/\/nobarriers.cz\/?page_id=6090","url":"https:\/\/nobarriers.cz\/?page_id=6090","name":"Pro poradatele - No barriers","isPartOf":{"@id":"https:\/\/nobarriers.cz\/#website"},"datePublished":"2022-03-19T18:07:00+00:00","dateModified":"2024-02-06T16:00:19+00:00","breadcrumb":{"@id":"https:\/\/nobarriers.cz\/?page_id=6090#breadcrumb"},"inLanguage":"cs","potentialAction":[{"@type":"ReadAction","target":["https:\/\/nobarriers.cz\/?page_id=6090"]}]},{"@type":"BreadcrumbList","@id":"https:\/\/nobarriers.cz\/?page_id=6090#breadcrumb","itemListElement":[{"@type":"ListItem","position":1,"name":"Dom\u016f","item":"https:\/\/nobarriers.cz\/"},{"@type":"ListItem","position":2,"name":"Pro poradatele"}]},{"@type":"WebSite","@id":"https:\/\/nobarriers.cz\/#website","url":"https:\/\/nobarriers.cz\/","name":"No barriers","description":"acoustic\/electric session - Czech\/Bosnian band","publisher":{"@id":"https:\/\/nobarriers.cz\/#organization"},"potentialAction":[{"@type":"SearchAction","target":{"@type":"EntryPoint","urlTemplate":"https:\/\/nobarriers.cz\/?s={search_term_string}"},"query-input":{"@type":"PropertyValueSpecification","valueRequired":true,"valueName":"search_term_string"}}],"inLanguage":"cs"},{"@type":"Organization","@id":"https:\/\/nobarriers.cz\/#organization","name":"No Barriers","url":"https:\/\/nobarriers.cz\/","logo":{"@type":"ImageObject","inLanguage":"cs","@id":"https:\/\/nobarriers.cz\/#\/schema\/logo\/image\/","url":"http:\/\/nobarriers.cz\/wp-content\/uploads\/2022\/03\/logo_no_barriers.png","contentUrl":"http:\/\/nobarriers.cz\/wp-content\/uploads\/2022\/03\/logo_no_barriers.png","width":640,"height":175,"caption":"No Barriers"},"image":{"@id":"https:\/\/nobarriers.cz\/#\/schema\/logo\/image\/"},"sameAs":["https:\/\/www.facebook.com\/nobarrierscz","https:\/\/x.com\/NoBarrierscz","https:\/\/www.instagram.com\/nobarrierscz\/","https:\/\/www.youtube.com\/channel\/UC8vsNv10md4fi_mepiseIyA"]}]}},"_links":{"self":[{"href":"https:\/\/nobarriers.cz\/index.php?rest_route=\/wp\/v2\/pages\/6090","targetHints":{"allow":["GET"]}}],"collection":[{"href":"https:\/\/nobarriers.cz\/index.php?rest_route=\/wp\/v2\/pages"}],"about":[{"href":"https:\/\/nobarriers.cz\/index.php?rest_route=\/wp\/v2\/types\/page"}],"author":[{"embeddable":true,"href":"https:\/\/nobarriers.cz\/index.php?rest_route=\/wp\/v2\/users\/1"}],"replies":[{"embeddable":true,"href":"https:\/\/nobarriers.cz\/index.php?rest_route=%2Fwp%2Fv2%2Fcomments&post=6090"}],"version-history":[{"count":27,"href":"https:\/\/nobarriers.cz\/index.php?rest_route=\/wp\/v2\/pages\/6090\/revisions"}],"predecessor-version":[{"id":6420,"href":"https:\/\/nobarriers.cz\/index.php?rest_route=\/wp\/v2\/pages\/6090\/revisions\/6420"}],"wp:attachment":[{"href":"https:\/\/nobarriers.cz\/index.php?rest_route=%2Fwp%2Fv2%2Fmedia&parent=6090"}],"curies":[{"name":"wp","href":"https:\/\/api.w.org\/{rel}","templated":true}]}}